{"id":447,"date":"2023-04-19T10:37:31","date_gmt":"2023-04-19T08:37:31","guid":{"rendered":"https:\/\/www.itc-peitz.de\/?page_id=447"},"modified":"2023-04-19T11:18:30","modified_gmt":"2023-04-19T09:18:30","slug":"aktuelles","status":"publish","type":"page","link":"https:\/\/www.itc-peitz.de\/?page_id=447","title":{"rendered":"Aktuelles"},"content":{"rendered":"\t\t<div data-elementor-type=\"wp-page\" data-elementor-id=\"447\" class=\"elementor elementor-447\">\n\t\t\t\t\t\t<section class=\"elementor-section elementor-top-section elementor-element elementor-element-504222b5 elementor-section-boxed elementor-section-height-default elementor-section-height-default\" data-id=\"504222b5\" data-element_type=\"section\" data-e-type=\"section\" id=\"slider_sec\" data-settings=\"{&quot;background_background&quot;:&quot;classic&quot;}\">\n\t\t\t\t\t\t<div class=\"elementor-container elementor-column-gap-default\">\n\t\t\t\t\t<div class=\"elementor-column elementor-col-100 elementor-top-column elementor-element elementor-element-53a0186\" data-id=\"53a0186\" data-element_type=\"column\" data-e-type=\"column\">\n\t\t\t<div class=\"elementor-widget-wrap elementor-element-populated\">\n\t\t\t\t\t\t<div class=\"elementor-element elementor-element-748a9768 elementor-absolute elementor-widget elementor-widget-image\" data-id=\"748a9768\" data-element_type=\"widget\" data-e-type=\"widget\" data-settings=\"{&quot;_position&quot;:&quot;absolute&quot;}\" data-widget_type=\"image.default\">\n\t\t\t\t<div class=\"elementor-widget-container\">\n\t\t\t\t\t\t\t\t\t\t\t\t\t\t\t<img decoding=\"async\" width=\"152\" height=\"142\" src=\"https:\/\/www.itc-peitz.de\/wp-content\/uploads\/2020\/07\/\u0421\u043d\u0438\u043c\u043e\u043a-\u044d\u043a\u0440\u0430\u043d\u0430-2020-07-04-\u0432-15.11.22.png\" class=\"attachment-full size-full wp-image-157\" alt=\"\" \/>\t\t\t\t\t\t\t\t\t\t\t\t\t\t\t<\/div>\n\t\t\t\t<\/div>\n\t\t\t\t<div class=\"elementor-element elementor-element-7a076588 elementor-widget elementor-widget-shortcode\" data-id=\"7a076588\" data-element_type=\"widget\" data-e-type=\"widget\" data-widget_type=\"shortcode.default\">\n\t\t\t\t<div class=\"elementor-widget-container\">\n\t\t\t\t\t\t\t<div class=\"elementor-shortcode\"><div id=\"metaslider-id-146\" style=\"width: 100%; margin: 0 auto;\" class=\"ml-slider-3-106-0 metaslider metaslider-responsive metaslider-146 ml-slider max_slider has-dots-nav ms-theme-default no-text\" role=\"region\" aria-label=\"Home+Leistungen slider\" data-height=\"320\" data-width=\"960\">\n    <div id=\"metaslider_container_146\">\n        <ul id='metaslider_146' class='rslides'>\n            <li aria-roledescription='slide' aria-labelledby='slide-0'><img fetchpriority=\"high\" decoding=\"async\" src=\"https:\/\/www.itc-peitz.de\/wp-content\/uploads\/2020\/07\/768-960x320.jpg\" height=\"320\" width=\"960\" alt=\"\" class=\"slider-146 slide-148 msDefaultImage\" title=\"768\" \/><\/li>\n            <li style='display: none;' aria-roledescription='slide' aria-labelledby='slide-1'><img decoding=\"async\" src=\"https:\/\/www.itc-peitz.de\/wp-content\/uploads\/2020\/07\/776-960x320.jpg\" height=\"320\" width=\"960\" alt=\"\" class=\"slider-146 slide-149 msDefaultImage\" title=\"776\" \/><\/li>\n            <li style='display: none;' aria-roledescription='slide' aria-labelledby='slide-2'><img loading=\"lazy\" decoding=\"async\" src=\"https:\/\/www.itc-peitz.de\/wp-content\/uploads\/2020\/07\/784-960x320.jpg\" height=\"320\" width=\"960\" alt=\"\" class=\"slider-146 slide-153 msDefaultImage\" title=\"784\" \/><\/li>\n            <li style='display: none;' aria-roledescription='slide' aria-labelledby='slide-3'><img loading=\"lazy\" decoding=\"async\" src=\"https:\/\/www.itc-peitz.de\/wp-content\/uploads\/2020\/07\/792-960x320.jpg\" height=\"320\" width=\"960\" alt=\"\" class=\"slider-146 slide-147 msDefaultImage\" title=\"792\" \/><\/li>\n            <li style='display: none;' aria-roledescription='slide' aria-labelledby='slide-4'><img loading=\"lazy\" decoding=\"async\" src=\"https:\/\/www.itc-peitz.de\/wp-content\/uploads\/2020\/07\/\u0421\u043d\u0438\u043c\u043e\u043a-\u044d\u043a\u0440\u0430\u043d\u0430-2020-07-06-\u0432-09.06.43-960x320.png\" height=\"320\" width=\"960\" alt=\"\" class=\"slider-146 slide-151 msDefaultImage\" title=\"\u0421\u043d\u0438\u043c\u043e\u043a \u044d\u043a\u0440\u0430\u043d\u0430 2020-07-06 \u0432 09.06.43\" \/><\/li>\n        <\/ul>\n        \n    <\/div>\n<\/div><\/div>\n\t\t\t\t\t\t<\/div>\n\t\t\t\t<\/div>\n\t\t\t\t\t<\/div>\n\t\t<\/div>\n\t\t\t\t\t<\/div>\n\t\t<\/section>\n\t\t\t\t<section class=\"elementor-section elementor-top-section elementor-element elementor-element-08dc768 elementor-section-boxed elementor-section-height-default elementor-section-height-default\" data-id=\"08dc768\" data-element_type=\"section\" data-e-type=\"section\" id=\"home_sec\" data-settings=\"{&quot;background_background&quot;:&quot;classic&quot;}\">\n\t\t\t\t\t\t<div class=\"elementor-container elementor-column-gap-default\">\n\t\t\t\t\t<div class=\"elementor-column elementor-col-100 elementor-top-column elementor-element elementor-element-3d2db48\" data-id=\"3d2db48\" data-element_type=\"column\" data-e-type=\"column\">\n\t\t\t<div class=\"elementor-widget-wrap elementor-element-populated\">\n\t\t\t\t\t\t<section class=\"elementor-section elementor-inner-section elementor-element elementor-element-4664fe6 elementor-section-boxed elementor-section-height-default elementor-section-height-default\" data-id=\"4664fe6\" data-element_type=\"section\" data-e-type=\"section\">\n\t\t\t\t\t\t<div class=\"elementor-container elementor-column-gap-default\">\n\t\t\t\t\t<div class=\"elementor-column elementor-col-100 elementor-inner-column elementor-element elementor-element-4009792\" data-id=\"4009792\" data-element_type=\"column\" data-e-type=\"column\">\n\t\t\t<div class=\"elementor-widget-wrap elementor-element-populated\">\n\t\t\t\t\t\t<div class=\"elementor-element elementor-element-fd96a25 elementor-widget elementor-widget-text-editor\" data-id=\"fd96a25\" data-element_type=\"widget\" data-e-type=\"widget\" data-widget_type=\"text-editor.default\">\n\t\t\t\t<div class=\"elementor-widget-container\">\n\t\t\t\t\t\t\t\t\t<p>NEUIGKEITEN<\/p>\t\t\t\t\t\t\t\t<\/div>\n\t\t\t\t<\/div>\n\t\t\t\t<div class=\"elementor-element elementor-element-17d090c elementor-widget elementor-widget-image\" data-id=\"17d090c\" data-element_type=\"widget\" data-e-type=\"widget\" data-widget_type=\"image.default\">\n\t\t\t\t<div class=\"elementor-widget-container\">\n\t\t\t\t\t\t\t\t\t\t\t\t\t\t\t<img loading=\"lazy\" decoding=\"async\" width=\"960\" height=\"3\" src=\"https:\/\/www.itc-peitz.de\/wp-content\/uploads\/2020\/07\/417.png\" class=\"attachment-full size-full wp-image-9\" alt=\"\" srcset=\"https:\/\/www.itc-peitz.de\/wp-content\/uploads\/2020\/07\/417.png 960w, https:\/\/www.itc-peitz.de\/wp-content\/uploads\/2020\/07\/417-300x1.png 300w, https:\/\/www.itc-peitz.de\/wp-content\/uploads\/2020\/07\/417-768x2.png 768w\" sizes=\"(max-width: 960px) 100vw, 960px\" \/>\t\t\t\t\t\t\t\t\t\t\t\t\t\t\t<\/div>\n\t\t\t\t<\/div>\n\t\t\t\t\t<\/div>\n\t\t<\/div>\n\t\t\t\t\t<\/div>\n\t\t<\/section>\n\t\t\t\t<section class=\"elementor-section elementor-inner-section elementor-element elementor-element-edd12e7 elementor-section-boxed elementor-section-height-default elementor-section-height-default\" data-id=\"edd12e7\" data-element_type=\"section\" data-e-type=\"section\">\n\t\t\t\t\t\t<div class=\"elementor-container elementor-column-gap-default\">\n\t\t\t\t\t<div class=\"elementor-column elementor-col-50 elementor-inner-column elementor-element elementor-element-7cccf2f\" data-id=\"7cccf2f\" data-element_type=\"column\" data-e-type=\"column\">\n\t\t\t<div class=\"elementor-widget-wrap elementor-element-populated\">\n\t\t\t\t\t\t<div class=\"elementor-element elementor-element-394c253 elementor-widget elementor-widget-text-editor\" data-id=\"394c253\" data-element_type=\"widget\" data-e-type=\"widget\" data-widget_type=\"text-editor.default\">\n\t\t\t\t<div class=\"elementor-widget-container\">\n\t\t\t\t\t\t\t\t\t<p><b>Hier erhalten Sie demn\u00e4chst weitere Information \u00fcber unser Unternehmen. <\/b><\/p><p>Bei Anfragen k\u00f6nenn Sie uns nat\u00fcrlich auch \u00fcber unser Kontaktformular erreichen.<\/p><p>\u00a0<\/p>\t\t\t\t\t\t\t\t<\/div>\n\t\t\t\t<\/div>\n\t\t\t\t\t<\/div>\n\t\t<\/div>\n\t\t\t\t<div class=\"elementor-column elementor-col-50 elementor-inner-column elementor-element elementor-element-95886f9\" data-id=\"95886f9\" data-element_type=\"column\" data-e-type=\"column\">\n\t\t\t<div class=\"elementor-widget-wrap elementor-element-populated\">\n\t\t\t\t\t\t<div class=\"elementor-element elementor-element-0e2aefc elementor-align-center elementor-widget elementor-widget-button\" data-id=\"0e2aefc\" data-element_type=\"widget\" data-e-type=\"widget\" data-widget_type=\"button.default\">\n\t\t\t\t<div class=\"elementor-widget-container\">\n\t\t\t\t\t\t\t\t\t<div class=\"elementor-button-wrapper\">\n\t\t\t\t\t<a class=\"elementor-button elementor-button-link elementor-size-sm\" href=\"https:\/\/www.itc-peitz.de\/?page_id=99\">\n\t\t\t\t\t\t<span class=\"elementor-button-content-wrapper\">\n\t\t\t\t\t\t\t\t\t<span class=\"elementor-button-text\">Zum Kontaktformular<\/span>\n\t\t\t\t\t<\/span>\n\t\t\t\t\t<\/a>\n\t\t\t\t<\/div>\n\t\t\t\t\t\t\t\t<\/div>\n\t\t\t\t<\/div>\n\t\t\t\t\t<\/div>\n\t\t<\/div>\n\t\t\t\t\t<\/div>\n\t\t<\/section>\n\t\t\t\t\t<\/div>\n\t\t<\/div>\n\t\t\t\t\t<\/div>\n\t\t<\/section>\n\t\t\t\t<\/div>\n\t\t","protected":false},"excerpt":{"rendered":"<p>NEUIGKEITEN Hier erhalten Sie demn\u00e4chst weitere Information \u00fcber unser Unternehmen. Bei Anfragen k\u00f6nenn Sie uns nat\u00fcrlich auch \u00fcber unser Kontaktformular erreichen. \u00a0 Zum Kontaktformular<\/p>\n","protected":false},"author":1,"featured_media":0,"parent":0,"menu_order":0,"comment_status":"closed","ping_status":"closed","template":"elementor_header_footer","meta":{"footnotes":""},"class_list":["post-447","page","type-page","status-publish","hentry"],"_links":{"self":[{"href":"https:\/\/www.itc-peitz.de\/index.php?rest_route=\/wp\/v2\/pages\/447","targetHints":{"allow":["GET"]}}],"collection":[{"href":"https:\/\/www.itc-peitz.de\/index.php?rest_route=\/wp\/v2\/pages"}],"about":[{"href":"https:\/\/www.itc-peitz.de\/index.php?rest_route=\/wp\/v2\/types\/page"}],"author":[{"embeddable":true,"href":"https:\/\/www.itc-peitz.de\/index.php?rest_route=\/wp\/v2\/users\/1"}],"replies":[{"embeddable":true,"href":"https:\/\/www.itc-peitz.de\/index.php?rest_route=%2Fwp%2Fv2%2Fcomments&post=447"}],"version-history":[{"count":10,"href":"https:\/\/www.itc-peitz.de\/index.php?rest_route=\/wp\/v2\/pages\/447\/revisions"}],"predecessor-version":[{"id":475,"href":"https:\/\/www.itc-peitz.de\/index.php?rest_route=\/wp\/v2\/pages\/447\/revisions\/475"}],"wp:attachment":[{"href":"https:\/\/www.itc-peitz.de\/index.php?rest_route=%2Fwp%2Fv2%2Fmedia&parent=447"}],"curies":[{"name":"wp","href":"https:\/\/api.w.org\/{rel}","templated":true}]}}