{"id":91,"date":"2020-07-04T12:34:58","date_gmt":"2020-07-04T10:34:58","guid":{"rendered":"https:\/\/www.itc-peitz.de\/?page_id=91"},"modified":"2020-07-08T13:05:33","modified_gmt":"2020-07-08T11:05:33","slug":"home","status":"publish","type":"page","link":"https:\/\/www.itc-peitz.de\/","title":{"rendered":"Home"},"content":{"rendered":"\t\t<div data-elementor-type=\"wp-page\" data-elementor-id=\"91\" class=\"elementor elementor-91\">\n\t\t\t\t\t\t<section class=\"elementor-section elementor-top-section elementor-element elementor-element-504222b5 elementor-section-boxed elementor-section-height-default elementor-section-height-default\" data-id=\"504222b5\" data-element_type=\"section\" data-e-type=\"section\" id=\"slider_sec\" data-settings=\"{&quot;background_background&quot;:&quot;classic&quot;}\">\n\t\t\t\t\t\t<div class=\"elementor-container elementor-column-gap-default\">\n\t\t\t\t\t<div class=\"elementor-column elementor-col-100 elementor-top-column elementor-element elementor-element-53a0186\" data-id=\"53a0186\" data-element_type=\"column\" data-e-type=\"column\">\n\t\t\t<div class=\"elementor-widget-wrap elementor-element-populated\">\n\t\t\t\t\t\t<div class=\"elementor-element elementor-element-748a9768 elementor-absolute elementor-widget elementor-widget-image\" data-id=\"748a9768\" data-element_type=\"widget\" data-e-type=\"widget\" data-settings=\"{&quot;_position&quot;:&quot;absolute&quot;}\" data-widget_type=\"image.default\">\n\t\t\t\t<div class=\"elementor-widget-container\">\n\t\t\t\t\t\t\t\t\t\t\t\t\t\t\t<img decoding=\"async\" width=\"152\" height=\"142\" src=\"https:\/\/www.itc-peitz.de\/wp-content\/uploads\/2020\/07\/\u0421\u043d\u0438\u043c\u043e\u043a-\u044d\u043a\u0440\u0430\u043d\u0430-2020-07-04-\u0432-15.11.22.png\" class=\"attachment-full size-full wp-image-157\" alt=\"\" \/>\t\t\t\t\t\t\t\t\t\t\t\t\t\t\t<\/div>\n\t\t\t\t<\/div>\n\t\t\t\t<div class=\"elementor-element elementor-element-7a076588 elementor-widget elementor-widget-shortcode\" data-id=\"7a076588\" data-element_type=\"widget\" data-e-type=\"widget\" data-widget_type=\"shortcode.default\">\n\t\t\t\t<div class=\"elementor-widget-container\">\n\t\t\t\t\t\t\t<div class=\"elementor-shortcode\"><div id=\"metaslider-id-146\" style=\"width: 100%; margin: 0 auto;\" class=\"ml-slider-3-106-0 metaslider metaslider-responsive metaslider-146 ml-slider max_slider has-dots-nav ms-theme-default no-text\" role=\"region\" aria-label=\"Home+Leistungen slider\" data-height=\"320\" data-width=\"960\">\n    <div id=\"metaslider_container_146\">\n        <ul id='metaslider_146' class='rslides'>\n            <li aria-roledescription='slide' aria-labelledby='slide-0'><img fetchpriority=\"high\" decoding=\"async\" src=\"https:\/\/www.itc-peitz.de\/wp-content\/uploads\/2020\/07\/768-960x320.jpg\" height=\"320\" width=\"960\" alt=\"\" class=\"slider-146 slide-148 msDefaultImage\" title=\"768\" \/><\/li>\n            <li style='display: none;' aria-roledescription='slide' aria-labelledby='slide-1'><img decoding=\"async\" src=\"https:\/\/www.itc-peitz.de\/wp-content\/uploads\/2020\/07\/776-960x320.jpg\" height=\"320\" width=\"960\" alt=\"\" class=\"slider-146 slide-149 msDefaultImage\" title=\"776\" \/><\/li>\n            <li style='display: none;' aria-roledescription='slide' aria-labelledby='slide-2'><img loading=\"lazy\" decoding=\"async\" src=\"https:\/\/www.itc-peitz.de\/wp-content\/uploads\/2020\/07\/784-960x320.jpg\" height=\"320\" width=\"960\" alt=\"\" class=\"slider-146 slide-153 msDefaultImage\" title=\"784\" \/><\/li>\n            <li style='display: none;' aria-roledescription='slide' aria-labelledby='slide-3'><img loading=\"lazy\" decoding=\"async\" src=\"https:\/\/www.itc-peitz.de\/wp-content\/uploads\/2020\/07\/792-960x320.jpg\" height=\"320\" width=\"960\" alt=\"\" class=\"slider-146 slide-147 msDefaultImage\" title=\"792\" \/><\/li>\n            <li style='display: none;' aria-roledescription='slide' aria-labelledby='slide-4'><img loading=\"lazy\" decoding=\"async\" src=\"https:\/\/www.itc-peitz.de\/wp-content\/uploads\/2020\/07\/\u0421\u043d\u0438\u043c\u043e\u043a-\u044d\u043a\u0440\u0430\u043d\u0430-2020-07-06-\u0432-09.06.43-960x320.png\" height=\"320\" width=\"960\" alt=\"\" class=\"slider-146 slide-151 msDefaultImage\" title=\"\u0421\u043d\u0438\u043c\u043e\u043a \u044d\u043a\u0440\u0430\u043d\u0430 2020-07-06 \u0432 09.06.43\" \/><\/li>\n        <\/ul>\n        \n    <\/div>\n<\/div><\/div>\n\t\t\t\t\t\t<\/div>\n\t\t\t\t<\/div>\n\t\t\t\t\t<\/div>\n\t\t<\/div>\n\t\t\t\t\t<\/div>\n\t\t<\/section>\n\t\t\t\t<section class=\"elementor-section elementor-top-section elementor-element elementor-element-08dc768 elementor-section-boxed elementor-section-height-default elementor-section-height-default\" data-id=\"08dc768\" data-element_type=\"section\" data-e-type=\"section\" id=\"home_sec\" data-settings=\"{&quot;background_background&quot;:&quot;classic&quot;}\">\n\t\t\t\t\t\t<div class=\"elementor-container elementor-column-gap-default\">\n\t\t\t\t\t<div class=\"elementor-column elementor-col-100 elementor-top-column elementor-element elementor-element-3d2db48\" data-id=\"3d2db48\" data-element_type=\"column\" data-e-type=\"column\">\n\t\t\t<div class=\"elementor-widget-wrap elementor-element-populated\">\n\t\t\t\t\t\t<section class=\"elementor-section elementor-inner-section elementor-element elementor-element-4664fe6 elementor-section-boxed elementor-section-height-default elementor-section-height-default\" data-id=\"4664fe6\" data-element_type=\"section\" data-e-type=\"section\">\n\t\t\t\t\t\t<div class=\"elementor-container elementor-column-gap-default\">\n\t\t\t\t\t<div class=\"elementor-column elementor-col-100 elementor-inner-column elementor-element elementor-element-4009792\" data-id=\"4009792\" data-element_type=\"column\" data-e-type=\"column\">\n\t\t\t<div class=\"elementor-widget-wrap elementor-element-populated\">\n\t\t\t\t\t\t<div class=\"elementor-element elementor-element-fd96a25 elementor-widget elementor-widget-text-editor\" data-id=\"fd96a25\" data-element_type=\"widget\" data-e-type=\"widget\" data-widget_type=\"text-editor.default\">\n\t\t\t\t<div class=\"elementor-widget-container\">\n\t\t\t\t\t\t\t\t\t<p>\u00dcber ITC<\/p>\t\t\t\t\t\t\t\t<\/div>\n\t\t\t\t<\/div>\n\t\t\t\t<div class=\"elementor-element elementor-element-17d090c elementor-widget elementor-widget-image\" data-id=\"17d090c\" data-element_type=\"widget\" data-e-type=\"widget\" data-widget_type=\"image.default\">\n\t\t\t\t<div class=\"elementor-widget-container\">\n\t\t\t\t\t\t\t\t\t\t\t\t\t\t\t<img loading=\"lazy\" decoding=\"async\" width=\"960\" height=\"3\" src=\"https:\/\/www.itc-peitz.de\/wp-content\/uploads\/2020\/07\/417.png\" class=\"attachment-full size-full wp-image-9\" alt=\"\" srcset=\"https:\/\/www.itc-peitz.de\/wp-content\/uploads\/2020\/07\/417.png 960w, https:\/\/www.itc-peitz.de\/wp-content\/uploads\/2020\/07\/417-300x1.png 300w, https:\/\/www.itc-peitz.de\/wp-content\/uploads\/2020\/07\/417-768x2.png 768w\" sizes=\"(max-width: 960px) 100vw, 960px\" \/>\t\t\t\t\t\t\t\t\t\t\t\t\t\t\t<\/div>\n\t\t\t\t<\/div>\n\t\t\t\t\t<\/div>\n\t\t<\/div>\n\t\t\t\t\t<\/div>\n\t\t<\/section>\n\t\t\t\t<section class=\"elementor-section elementor-inner-section elementor-element elementor-element-edd12e7 elementor-section-boxed elementor-section-height-default elementor-section-height-default\" data-id=\"edd12e7\" data-element_type=\"section\" data-e-type=\"section\">\n\t\t\t\t\t\t<div class=\"elementor-container elementor-column-gap-default\">\n\t\t\t\t\t<div class=\"elementor-column elementor-col-50 elementor-inner-column elementor-element elementor-element-7cccf2f\" data-id=\"7cccf2f\" data-element_type=\"column\" data-e-type=\"column\">\n\t\t\t<div class=\"elementor-widget-wrap elementor-element-populated\">\n\t\t\t\t\t\t<div class=\"elementor-element elementor-element-394c253 elementor-widget elementor-widget-text-editor\" data-id=\"394c253\" data-element_type=\"widget\" data-e-type=\"widget\" data-widget_type=\"text-editor.default\">\n\t\t\t\t<div class=\"elementor-widget-container\">\n\t\t\t\t\t\t\t\t\t<p><b>Seit Firmengr\u00fcndung im August 1992 liegt unser T\u00e4tigkeitsschwerpunkt in der Verarbeitung von 2-Komponenten-Polymerwerkstoffen.<\/b><\/p><p>Mit Aufnahme des Exklusiv-Vertriebs und der Verarbeitung von Belzona\u00ae- Polymerwerkstoffen im Jahr 1998 in Brandenburg, Berlin, Sachsen und dem s\u00fcdlichen Sachsen-Anhalt konnten wir uns als zuverl\u00e4ssiger Partner der Instandhalter in vielen Industriezweigen etablieren.<\/p><p>Spezielle Verschlei\u00dfschutzl\u00f6sungen erg\u00e4nzen seit 1999 unser<br \/>\u00a0Leistungsspektrum speziell f\u00fcr die Bergbau-, Energie-, Stahl- und<br \/>\u00a0Zementindustrie.<\/p><p>Neben dem Vertrieb und der Verarbeitung von Densit\u00ae-<br \/>Verschlei\u00dfschutzm\u00f6rteln, verf\u00fcgt unser Team \u00fcber jahrelange Erfahrung im Verlegen von Keramik- und Schmelzbasaltauskleidungen.<\/p>\t\t\t\t\t\t\t\t<\/div>\n\t\t\t\t<\/div>\n\t\t\t\t\t<\/div>\n\t\t<\/div>\n\t\t\t\t<div class=\"elementor-column elementor-col-50 elementor-inner-column elementor-element elementor-element-16cc4e9\" data-id=\"16cc4e9\" data-element_type=\"column\" data-e-type=\"column\" data-settings=\"{&quot;background_background&quot;:&quot;classic&quot;}\">\n\t\t\t<div class=\"elementor-widget-wrap elementor-element-populated\">\n\t\t\t\t\t\t<div class=\"elementor-element elementor-element-75a6cbc elementor-widget elementor-widget-text-editor\" data-id=\"75a6cbc\" data-element_type=\"widget\" data-e-type=\"widget\" data-widget_type=\"text-editor.default\">\n\t\t\t\t<div class=\"elementor-widget-container\">\n\t\t\t\t\t\t\t\t\t<p>\u00bbPolymerreparaturen<br \/>\u00bbVerschlei\u00dfschutz<br \/>\u00bbKorrosionsschutz<br \/><br \/><br \/>\u00a0<\/p>\t\t\t\t\t\t\t\t<\/div>\n\t\t\t\t<\/div>\n\t\t\t\t\t<\/div>\n\t\t<\/div>\n\t\t\t\t\t<\/div>\n\t\t<\/section>\n\t\t\t\t\t<\/div>\n\t\t<\/div>\n\t\t\t\t\t<\/div>\n\t\t<\/section>\n\t\t\t\t<\/div>\n\t\t","protected":false},"excerpt":{"rendered":"<p>\u00dcber ITC Seit Firmengr\u00fcndung im August 1992 liegt unser T\u00e4tigkeitsschwerpunkt in der Verarbeitung von 2-Komponenten-Polymerwerkstoffen. Mit Aufnahme des Exklusiv-Vertriebs und der Verarbeitung von Belzona\u00ae- Polymerwerkstoffen im Jahr 1998 in Brandenburg, Berlin, Sachsen und dem s\u00fcdlichen Sachsen-Anhalt konnten wir uns als zuverl\u00e4ssiger Partner der Instandhalter in vielen Industriezweigen etablieren. Spezielle Verschlei\u00dfschutzl\u00f6sungen erg\u00e4nzen seit 1999 unser\u00a0Leistungsspektrum speziell [&hellip;]<\/p>\n","protected":false},"author":1,"featured_media":0,"parent":0,"menu_order":0,"comment_status":"closed","ping_status":"closed","template":"elementor_header_footer","meta":{"footnotes":""},"class_list":["post-91","page","type-page","status-publish","hentry"],"_links":{"self":[{"href":"https:\/\/www.itc-peitz.de\/index.php?rest_route=\/wp\/v2\/pages\/91","targetHints":{"allow":["GET"]}}],"collection":[{"href":"https:\/\/www.itc-peitz.de\/index.php?rest_route=\/wp\/v2\/pages"}],"about":[{"href":"https:\/\/www.itc-peitz.de\/index.php?rest_route=\/wp\/v2\/types\/page"}],"author":[{"embeddable":true,"href":"https:\/\/www.itc-peitz.de\/index.php?rest_route=\/wp\/v2\/users\/1"}],"replies":[{"embeddable":true,"href":"https:\/\/www.itc-peitz.de\/index.php?rest_route=%2Fwp%2Fv2%2Fcomments&post=91"}],"version-history":[{"count":21,"href":"https:\/\/www.itc-peitz.de\/index.php?rest_route=\/wp\/v2\/pages\/91\/revisions"}],"predecessor-version":[{"id":416,"href":"https:\/\/www.itc-peitz.de\/index.php?rest_route=\/wp\/v2\/pages\/91\/revisions\/416"}],"wp:attachment":[{"href":"https:\/\/www.itc-peitz.de\/index.php?rest_route=%2Fwp%2Fv2%2Fmedia&parent=91"}],"curies":[{"name":"wp","href":"https:\/\/api.w.org\/{rel}","templated":true}]}}